{"id":280,"date":"2025-07-10T14:10:04","date_gmt":"2025-07-10T20:10:04","guid":{"rendered":"https:\/\/safehometechnologies.com\/?page_id=280"},"modified":"2025-07-23T08:41:43","modified_gmt":"2025-07-23T14:41:43","slug":"about-the-founder","status":"publish","type":"page","link":"https:\/\/safehometechnologies.com\/es\/about-the-founder","title":{"rendered":"Sobre el fundador"},"content":{"rendered":"<div data-elementor-type=\"wp-page\" data-elementor-id=\"280\" class=\"elementor elementor-280\">\n\t\t\t\t<div class=\"elementor-element elementor-element-a5d8753 e-flex e-con-boxed e-con e-parent\" data-id=\"a5d8753\" data-element_type=\"container\" data-e-type=\"container\">\n\t\t\t\t\t<div class=\"e-con-inner\">\n\t\t\t\t<div class=\"elementor-element elementor-element-821ab49 elementor-widget elementor-widget-heading\" data-id=\"821ab49\" data-element_type=\"widget\" data-e-type=\"widget\" data-widget_type=\"heading.default\">\n\t\t\t\t\t<h1 class=\"elementor-heading-title elementor-size-default\">\u00bfQui\u00e9n est\u00e1 detr\u00e1s de SafeHome Technologies?<\/h1>\t\t\t\t<\/div>\n\t\t<div class=\"elementor-element elementor-element-9a80c1b e-grid e-con-boxed e-con e-child\" data-id=\"9a80c1b\" data-element_type=\"container\" data-e-type=\"container\">\n\t\t\t\t\t<div class=\"e-con-inner\">\n\t\t\t\t<div class=\"elementor-element elementor-element-9a85041 elementor-widget elementor-widget-image\" data-id=\"9a85041\" data-element_type=\"widget\" data-e-type=\"widget\" data-widget_type=\"image.default\">\n\t\t\t\t\t\t\t\t\t\t\t\t\t\t\t<img fetchpriority=\"high\" decoding=\"async\" width=\"742\" height=\"1024\" src=\"https:\/\/safehometechnologies.com\/wp-content\/uploads\/2025\/07\/IMG_45521-742x1024.webp\" class=\"attachment-large size-large wp-image-383\" alt=\"\" srcset=\"https:\/\/safehometechnologies.com\/wp-content\/uploads\/2025\/07\/IMG_45521-742x1024.webp 742w, https:\/\/safehometechnologies.com\/wp-content\/uploads\/2025\/07\/IMG_45521-217x300.webp 217w, https:\/\/safehometechnologies.com\/wp-content\/uploads\/2025\/07\/IMG_45521-768x1060.webp 768w, https:\/\/safehometechnologies.com\/wp-content\/uploads\/2025\/07\/IMG_45521-9x12.webp 9w, https:\/\/safehometechnologies.com\/wp-content\/uploads\/2025\/07\/IMG_45521.webp 1024w\" sizes=\"(max-width: 742px) 100vw, 742px\" \/>\t\t\t\t\t\t\t\t\t\t\t\t\t\t\t<\/div>\n\t\t\t\t<div class=\"elementor-element elementor-element-bc5950b elementor-widget elementor-widget-text-editor\" data-id=\"bc5950b\" data-element_type=\"widget\" data-e-type=\"widget\" data-widget_type=\"text-editor.default\">\n\t\t\t\t\t\t\t\t\t<p>Hola, soy Mat\u00edas Troncoso, el fundador de SafeHome Technologies.<br \/>Cre\u00e9 esta empresa con un objetivo en mente: brindar soluciones de seguridad para hogares inteligentes, confiables y accesibles a familias como la suya.<\/p>\t\t\t\t\t\t\t\t<\/div>\n\t\t\t\t\t<\/div>\n\t\t\t\t<\/div>\n\t\t\t\t\t<\/div>\n\t\t\t\t<\/div>\n\t\t<div class=\"elementor-element elementor-element-b76dbba e-flex e-con-boxed e-con e-parent\" data-id=\"b76dbba\" data-element_type=\"container\" data-e-type=\"container\">\n\t\t\t\t\t<div class=\"e-con-inner\">\n\t\t\t\t<div class=\"elementor-element elementor-element-5f1b5ec elementor-widget elementor-widget-heading\" data-id=\"5f1b5ec\" data-element_type=\"widget\" data-e-type=\"widget\" data-widget_type=\"heading.default\">\n\t\t\t\t\t<h2 class=\"elementor-heading-title elementor-size-default\">\ud83d\udd27Mis antecedentes\n<\/h2>\t\t\t\t<\/div>\n\t\t\t\t<div class=\"elementor-element elementor-element-0af617a elementor-widget elementor-widget-text-editor\" data-id=\"0af617a\" data-element_type=\"widget\" data-e-type=\"widget\" data-widget_type=\"text-editor.default\">\n\t\t\t\t\t\t\t\t\t<p>Nac\u00ed en Chile y siempre me ha fascinado c\u00f3mo la tecnolog\u00eda puede mejorar la vida de las personas. A lo largo de los a\u00f1os, he trabajado en m\u00faltiples proyectos de tecnolog\u00eda y seguridad, especializ\u00e1ndome en hogares inteligentes, sistemas de alarma y dispositivos conectados.<\/p><p>Tras trabajar directamente con clientes e instalaciones, me di cuenta de que la gente no solo necesita productos, sino tambi\u00e9n apoyo real, informaci\u00f3n clara y alguien en quien confiar. Por eso fund\u00e9 SafeHome: para ofrecer soluciones de seguridad avanzadas y un enfoque humano.<\/p>\t\t\t\t\t\t\t\t<\/div>\n\t\t\t\t<div class=\"elementor-element elementor-element-e637108 elementor-widget elementor-widget-heading\" data-id=\"e637108\" data-element_type=\"widget\" data-e-type=\"widget\" data-widget_type=\"heading.default\">\n\t\t\t\t\t<h2 class=\"elementor-heading-title elementor-size-default\">\ud83d\udcdc Certificaciones y habilidades\n<\/h2>\t\t\t\t<\/div>\n\t\t\t\t<div class=\"elementor-element elementor-element-286d750 elementor-widget elementor-widget-text-editor\" data-id=\"286d750\" data-element_type=\"widget\" data-e-type=\"widget\" data-widget_type=\"text-editor.default\">\n\t\t\t\t\t\t\t\t\t<p>\u2022 Certificado en sistemas de seguridad para hogares inteligentes <br \/>\u2022 Experto en instalaciones de alarmas y c\u00e1maras IP <br \/>\u2022 Antecedentes en dom\u00f3tica y configuraci\u00f3n de redes. <br \/>\u2022 Fluidez en ingl\u00e9s y espa\u00f1ol (soporte biling\u00fce) <br \/>\u2022 Experiencia con marcas como Crestron, Dahua, Cisco, Ubiquiti, kramer, BOSE, Sennheiser y m\u00e1s<\/p>\t\t\t\t\t\t\t\t<\/div>\n\t\t<div class=\"elementor-element elementor-element-98c946c e-con-full e-flex e-con e-child\" data-id=\"98c946c\" data-element_type=\"container\" data-e-type=\"container\">\n\t\t\t\t<div class=\"elementor-element elementor-element-52ab19b elementor-widget elementor-widget-heading\" data-id=\"52ab19b\" data-element_type=\"widget\" data-e-type=\"widget\" data-widget_type=\"heading.default\">\n\t\t\t\t\t<h2 class=\"elementor-heading-title elementor-size-default\">\ud83d\udcac Mi promesa para ti\n<\/h2>\t\t\t\t<\/div>\n\t\t\t\t<div class=\"elementor-element elementor-element-0a12ffa elementor-widget elementor-widget-text-editor\" data-id=\"0a12ffa\" data-element_type=\"widget\" data-e-type=\"widget\" data-widget_type=\"text-editor.default\">\n\t\t\t\t\t\t\t\t\t<p>En SafeHome, no solo instalamos equipos: protegemos a las personas. <br \/>Me comprometo a garantizar que cada cliente se sienta seguro, informado y apoyado.<\/p><p>Si alguna vez tienes una pregunta, un problema o simplemente quieres un consejo, estar\u00e9 aqu\u00ed para ayudarte.<\/p><p>No solo est\u00e1s comprando un sistema. Est\u00e1s confiando en alguien para que te ayude a proteger lo que m\u00e1s importa, y me lo tomo muy en serio.<\/p>\t\t\t\t\t\t\t\t<\/div>\n\t\t<div class=\"elementor-element elementor-element-230ab52 e-con-full e-flex e-con e-child\" data-id=\"230ab52\" data-element_type=\"container\" data-e-type=\"container\">\n\t\t\t\t<div class=\"elementor-element elementor-element-271be3c elementor-widget elementor-widget-heading\" data-id=\"271be3c\" data-element_type=\"widget\" data-e-type=\"widget\" data-widget_type=\"heading.default\">\n\t\t\t\t\t<h3 class=\"elementor-heading-title elementor-size-default\">\u00bfQuieres hablar conmigo directamente? Conect\u00e9monos.\n<\/h3>\t\t\t\t<\/div>\n\t\t\t\t<div class=\"elementor-element elementor-element-ba51ab7 elementor-align-center elementor-widget elementor-widget-button\" data-id=\"ba51ab7\" data-element_type=\"widget\" data-e-type=\"widget\" data-widget_type=\"button.default\">\n\t\t\t\t\t\t\t\t\t\t<a class=\"elementor-button elementor-button-link elementor-size-sm\" href=\"https:\/\/safehometechnologies.com\/es\/contact\/\">\n\t\t\t\t\t\t<span class=\"elementor-button-content-wrapper\">\n\t\t\t\t\t\t\t\t\t<span class=\"elementor-button-text\">Contactame<\/span>\n\t\t\t\t\t<\/span>\n\t\t\t\t\t<\/a>\n\t\t\t\t\t\t\t\t<\/div>\n\t\t\t\t<\/div>\n\t\t\t\t<\/div>\n\t\t\t\t\t<\/div>\n\t\t\t\t<\/div>\n\t\t\t\t<\/div>","protected":false},"excerpt":{"rendered":"<p>Who\u2019s Behind SafeHome Technologies? Hi, I\u2019m Mat\u00edas Troncoso \u2014 the founder of SafeHome Technologies.I created this company with one goal [&hellip;]<\/p>\n","protected":false},"author":1,"featured_media":0,"parent":0,"menu_order":0,"comment_status":"closed","ping_status":"closed","template":"","meta":{"site-sidebar-layout":"no-sidebar","site-content-layout":"","ast-site-content-layout":"full-width-container","site-content-style":"default","site-sidebar-style":"default","ast-global-header-display":"","ast-banner-title-visibility":"","ast-main-header-display":"","ast-hfb-above-header-display":"","ast-hfb-below-header-display":"","ast-hfb-mobile-header-display":"","site-post-title":"disabled","ast-breadcrumbs-content":"","ast-featured-img":"disabled","footer-sml-layout":"","theme-transparent-header-meta":"","adv-header-id-meta":"","stick-header-meta":"","header-above-stick-meta":"","header-main-stick-meta":"","header-below-stick-meta":"","astra-migrate-meta-layouts":"default","ast-page-background-enabled":"default","ast-page-background-meta":{"desktop":{"background-color":"var(--ast-global-color-5)","background-image":"","background-repeat":"repeat","background-position":"center center","background-size":"auto","background-attachment":"scroll","background-type":"","background-media":"","overlay-type":"","overlay-color":"","overlay-opacity":"","overlay-gradient":""},"tablet":{"background-color":"","background-image":"","background-repeat":"repeat","background-position":"center center","background-size":"auto","background-attachment":"scroll","background-type":"","background-media":"","overlay-type":"","overlay-color":"","overlay-opacity":"","overlay-gradient":""},"mobile":{"background-color":"","background-image":"","background-repeat":"repeat","background-position":"center center","background-size":"auto","background-attachment":"scroll","background-type":"","background-media":"","overlay-type":"","overlay-color":"","overlay-opacity":"","overlay-gradient":""}},"ast-content-background-meta":{"desktop":{"background-color":"var(--ast-global-color-4)","background-image":"","background-repeat":"repeat","background-position":"center center","background-size":"auto","background-attachment":"scroll","background-type":"","background-media":"","overlay-type":"","overlay-color":"","overlay-opacity":"","overlay-gradient":""},"tablet":{"background-color":"var(--ast-global-color-4)","background-image":"","background-repeat":"repeat","background-position":"center center","background-size":"auto","background-attachment":"scroll","background-type":"","background-media":"","overlay-type":"","overlay-color":"","overlay-opacity":"","overlay-gradient":""},"mobile":{"background-color":"var(--ast-global-color-4)","background-image":"","background-repeat":"repeat","background-position":"center center","background-size":"auto","background-attachment":"scroll","background-type":"","background-media":"","overlay-type":"","overlay-color":"","overlay-opacity":"","overlay-gradient":""}},"footnotes":""},"class_list":["post-280","page","type-page","status-publish","hentry"],"yoast_head":"<!-- This site is optimized with the Yoast SEO plugin v27.4 - https:\/\/yoast.com\/product\/yoast-seo-wordpress\/ -->\n<title>About the Founder - Safe Home Technologies<\/title>\n<meta name=\"robots\" content=\"index, follow, max-snippet:-1, max-image-preview:large, max-video-preview:-1\" \/>\n<link rel=\"canonical\" href=\"https:\/\/safehometechnologies.com\/es\/about-the-founder\/\" \/>\n<meta property=\"og:locale\" content=\"es_ES\" \/>\n<meta property=\"og:type\" content=\"article\" \/>\n<meta property=\"og:title\" content=\"About the Founder - Safe Home Technologies\" \/>\n<meta property=\"og:description\" content=\"Who\u2019s Behind SafeHome Technologies? Hi, I\u2019m Mat\u00edas Troncoso \u2014 the founder of SafeHome Technologies.I created this company with one goal [&hellip;]\" \/>\n<meta property=\"og:url\" content=\"https:\/\/safehometechnologies.com\/es\/about-the-founder\/\" \/>\n<meta property=\"og:site_name\" content=\"Safe Home Technologies\" \/>\n<meta property=\"article:modified_time\" content=\"2025-07-23T14:41:43+00:00\" \/>\n<meta property=\"og:image\" content=\"http:\/\/safehometechnologies.com\/wp-content\/uploads\/2025\/07\/IMG_45521-742x1024.webp\" \/>\n<meta name=\"twitter:card\" content=\"summary_large_image\" \/>\n<meta name=\"twitter:label1\" content=\"Tiempo de lectura\" \/>\n\t<meta name=\"twitter:data1\" content=\"2 minutos\" \/>\n<script type=\"application\/ld+json\" class=\"yoast-schema-graph\">{\"@context\":\"https:\\\/\\\/schema.org\",\"@graph\":[{\"@type\":\"WebPage\",\"@id\":\"https:\\\/\\\/safehometechnologies.com\\\/about-the-founder\",\"url\":\"https:\\\/\\\/safehometechnologies.com\\\/about-the-founder\",\"name\":\"About the Founder - Safe Home Technologies\",\"isPartOf\":{\"@id\":\"https:\\\/\\\/safehometechnologies.com\\\/#website\"},\"primaryImageOfPage\":{\"@id\":\"https:\\\/\\\/safehometechnologies.com\\\/about-the-founder#primaryimage\"},\"image\":{\"@id\":\"https:\\\/\\\/safehometechnologies.com\\\/about-the-founder#primaryimage\"},\"thumbnailUrl\":\"http:\\\/\\\/safehometechnologies.com\\\/wp-content\\\/uploads\\\/2025\\\/07\\\/IMG_45521-742x1024.webp\",\"datePublished\":\"2025-07-10T20:10:04+00:00\",\"dateModified\":\"2025-07-23T14:41:43+00:00\",\"breadcrumb\":{\"@id\":\"https:\\\/\\\/safehometechnologies.com\\\/about-the-founder#breadcrumb\"},\"inLanguage\":\"es\",\"potentialAction\":[{\"@type\":\"ReadAction\",\"target\":[\"https:\\\/\\\/safehometechnologies.com\\\/about-the-founder\"]}]},{\"@type\":\"ImageObject\",\"inLanguage\":\"es\",\"@id\":\"https:\\\/\\\/safehometechnologies.com\\\/about-the-founder#primaryimage\",\"url\":\"http:\\\/\\\/safehometechnologies.com\\\/wp-content\\\/uploads\\\/2025\\\/07\\\/IMG_45521-742x1024.webp\",\"contentUrl\":\"http:\\\/\\\/safehometechnologies.com\\\/wp-content\\\/uploads\\\/2025\\\/07\\\/IMG_45521-742x1024.webp\"},{\"@type\":\"BreadcrumbList\",\"@id\":\"https:\\\/\\\/safehometechnologies.com\\\/about-the-founder#breadcrumb\",\"itemListElement\":[{\"@type\":\"ListItem\",\"position\":1,\"name\":\"Portada\",\"item\":\"https:\\\/\\\/safehometechnologies.com\\\/\"},{\"@type\":\"ListItem\",\"position\":2,\"name\":\"About the Founder\"}]},{\"@type\":\"WebSite\",\"@id\":\"https:\\\/\\\/safehometechnologies.com\\\/#website\",\"url\":\"https:\\\/\\\/safehometechnologies.com\\\/\",\"name\":\"Safe Home Technologies\",\"description\":\"Smart Home Solutions You Can Trust\",\"publisher\":{\"@id\":\"https:\\\/\\\/safehometechnologies.com\\\/#organization\"},\"potentialAction\":[{\"@type\":\"SearchAction\",\"target\":{\"@type\":\"EntryPoint\",\"urlTemplate\":\"https:\\\/\\\/safehometechnologies.com\\\/?s={search_term_string}\"},\"query-input\":{\"@type\":\"PropertyValueSpecification\",\"valueRequired\":true,\"valueName\":\"search_term_string\"}}],\"inLanguage\":\"es\"},{\"@type\":\"Organization\",\"@id\":\"https:\\\/\\\/safehometechnologies.com\\\/#organization\",\"name\":\"Safe Home Technologies\",\"url\":\"https:\\\/\\\/safehometechnologies.com\\\/\",\"logo\":{\"@type\":\"ImageObject\",\"inLanguage\":\"es\",\"@id\":\"https:\\\/\\\/safehometechnologies.com\\\/#\\\/schema\\\/logo\\\/image\\\/\",\"url\":\"https:\\\/\\\/safehometechnologies.com\\\/wp-content\\\/uploads\\\/2025\\\/07\\\/cropped-673BF40D-C9CC-4C95-8855-1D2FEA5C0391.webp\",\"contentUrl\":\"https:\\\/\\\/safehometechnologies.com\\\/wp-content\\\/uploads\\\/2025\\\/07\\\/cropped-673BF40D-C9CC-4C95-8855-1D2FEA5C0391.webp\",\"width\":1023,\"height\":833,\"caption\":\"Safe Home Technologies\"},\"image\":{\"@id\":\"https:\\\/\\\/safehometechnologies.com\\\/#\\\/schema\\\/logo\\\/image\\\/\"}}]}<\/script>\n<!-- \/ Yoast SEO plugin. -->","yoast_head_json":{"title":"About the Founder - Safe Home Technologies","robots":{"index":"index","follow":"follow","max-snippet":"max-snippet:-1","max-image-preview":"max-image-preview:large","max-video-preview":"max-video-preview:-1"},"canonical":"https:\/\/safehometechnologies.com\/es\/about-the-founder\/","og_locale":"es_ES","og_type":"article","og_title":"About the Founder - Safe Home Technologies","og_description":"Who\u2019s Behind SafeHome Technologies? Hi, I\u2019m Mat\u00edas Troncoso \u2014 the founder of SafeHome Technologies.I created this company with one goal [&hellip;]","og_url":"https:\/\/safehometechnologies.com\/es\/about-the-founder\/","og_site_name":"Safe Home Technologies","article_modified_time":"2025-07-23T14:41:43+00:00","og_image":[{"url":"http:\/\/safehometechnologies.com\/wp-content\/uploads\/2025\/07\/IMG_45521-742x1024.webp","type":"","width":"","height":""}],"twitter_card":"summary_large_image","twitter_misc":{"Tiempo de lectura":"2 minutos"},"schema":{"@context":"https:\/\/schema.org","@graph":[{"@type":"WebPage","@id":"https:\/\/safehometechnologies.com\/about-the-founder","url":"https:\/\/safehometechnologies.com\/about-the-founder","name":"About the Founder - Safe Home Technologies","isPartOf":{"@id":"https:\/\/safehometechnologies.com\/#website"},"primaryImageOfPage":{"@id":"https:\/\/safehometechnologies.com\/about-the-founder#primaryimage"},"image":{"@id":"https:\/\/safehometechnologies.com\/about-the-founder#primaryimage"},"thumbnailUrl":"http:\/\/safehometechnologies.com\/wp-content\/uploads\/2025\/07\/IMG_45521-742x1024.webp","datePublished":"2025-07-10T20:10:04+00:00","dateModified":"2025-07-23T14:41:43+00:00","breadcrumb":{"@id":"https:\/\/safehometechnologies.com\/about-the-founder#breadcrumb"},"inLanguage":"es","potentialAction":[{"@type":"ReadAction","target":["https:\/\/safehometechnologies.com\/about-the-founder"]}]},{"@type":"ImageObject","inLanguage":"es","@id":"https:\/\/safehometechnologies.com\/about-the-founder#primaryimage","url":"http:\/\/safehometechnologies.com\/wp-content\/uploads\/2025\/07\/IMG_45521-742x1024.webp","contentUrl":"http:\/\/safehometechnologies.com\/wp-content\/uploads\/2025\/07\/IMG_45521-742x1024.webp"},{"@type":"BreadcrumbList","@id":"https:\/\/safehometechnologies.com\/about-the-founder#breadcrumb","itemListElement":[{"@type":"ListItem","position":1,"name":"Portada","item":"https:\/\/safehometechnologies.com\/"},{"@type":"ListItem","position":2,"name":"About the Founder"}]},{"@type":"WebSite","@id":"https:\/\/safehometechnologies.com\/#website","url":"https:\/\/safehometechnologies.com\/","name":"Tecnolog\u00edas para el hogar seguro","description":"Soluciones para hogares inteligentes en las que puede confiar","publisher":{"@id":"https:\/\/safehometechnologies.com\/#organization"},"potentialAction":[{"@type":"SearchAction","target":{"@type":"EntryPoint","urlTemplate":"https:\/\/safehometechnologies.com\/?s={search_term_string}"},"query-input":{"@type":"PropertyValueSpecification","valueRequired":true,"valueName":"search_term_string"}}],"inLanguage":"es"},{"@type":"Organization","@id":"https:\/\/safehometechnologies.com\/#organization","name":"Tecnolog\u00edas para el hogar seguro","url":"https:\/\/safehometechnologies.com\/","logo":{"@type":"ImageObject","inLanguage":"es","@id":"https:\/\/safehometechnologies.com\/#\/schema\/logo\/image\/","url":"https:\/\/safehometechnologies.com\/wp-content\/uploads\/2025\/07\/cropped-673BF40D-C9CC-4C95-8855-1D2FEA5C0391.webp","contentUrl":"https:\/\/safehometechnologies.com\/wp-content\/uploads\/2025\/07\/cropped-673BF40D-C9CC-4C95-8855-1D2FEA5C0391.webp","width":1023,"height":833,"caption":"Safe Home Technologies"},"image":{"@id":"https:\/\/safehometechnologies.com\/#\/schema\/logo\/image\/"}}]}},"_links":{"self":[{"href":"https:\/\/safehometechnologies.com\/es\/wp-json\/wp\/v2\/pages\/280","targetHints":{"allow":["GET"]}}],"collection":[{"href":"https:\/\/safehometechnologies.com\/es\/wp-json\/wp\/v2\/pages"}],"about":[{"href":"https:\/\/safehometechnologies.com\/es\/wp-json\/wp\/v2\/types\/page"}],"author":[{"embeddable":true,"href":"https:\/\/safehometechnologies.com\/es\/wp-json\/wp\/v2\/users\/1"}],"replies":[{"embeddable":true,"href":"https:\/\/safehometechnologies.com\/es\/wp-json\/wp\/v2\/comments?post=280"}],"version-history":[{"count":36,"href":"https:\/\/safehometechnologies.com\/es\/wp-json\/wp\/v2\/pages\/280\/revisions"}],"predecessor-version":[{"id":389,"href":"https:\/\/safehometechnologies.com\/es\/wp-json\/wp\/v2\/pages\/280\/revisions\/389"}],"wp:attachment":[{"href":"https:\/\/safehometechnologies.com\/es\/wp-json\/wp\/v2\/media?parent=280"}],"curies":[{"name":"wp","href":"https:\/\/api.w.org\/{rel}","templated":true}]}}