{"id":167,"date":"2025-07-07T15:47:18","date_gmt":"2025-07-07T15:47:18","guid":{"rendered":"https:\/\/safehometechnologies.com\/?page_id=167"},"modified":"2025-07-08T20:38:19","modified_gmt":"2025-07-08T20:38:19","slug":"about-us","status":"publish","type":"page","link":"https:\/\/safehometechnologies.com\/es\/about-us","title":{"rendered":"Sobre Nosotros"},"content":{"rendered":"<div data-elementor-type=\"wp-page\" data-elementor-id=\"167\" class=\"elementor elementor-167\">\n\t\t\t\t<div class=\"elementor-element elementor-element-e9243f6 e-flex e-con-boxed e-con e-parent\" data-id=\"e9243f6\" data-element_type=\"container\" data-e-type=\"container\">\n\t\t\t\t\t<div class=\"e-con-inner\">\n\t\t\t\t<div class=\"elementor-element elementor-element-562d747 elementor-widget elementor-widget-text-editor\" data-id=\"562d747\" data-element_type=\"widget\" data-e-type=\"widget\" data-widget_type=\"text-editor.default\">\n\t\t\t\t\t\t\t\t\t<p>Somos una empresa con sede en Utah especializada en integraci\u00f3n de hogares inteligentes, sistemas audiovisuales y tecnolog\u00edas sustentables. Nuestra misi\u00f3n es crear espacios de vida intuitivos, eficientes y conectados que simplifiquen y mejoren su vida diaria.<\/p>\t\t\t\t\t\t\t\t<\/div>\n\t\t\t\t\t<\/div>\n\t\t\t\t<\/div>\n\t\t<div class=\"elementor-element elementor-element-4a28ba8 e-grid e-con-boxed e-con e-parent\" data-id=\"4a28ba8\" data-element_type=\"container\" data-e-type=\"container\">\n\t\t\t\t\t<div class=\"e-con-inner\">\n\t\t\t\t<div class=\"elementor-element elementor-element-a9ba8ec elementor-widget elementor-widget-text-editor\" data-id=\"a9ba8ec\" data-element_type=\"widget\" data-e-type=\"widget\" data-widget_type=\"text-editor.default\">\n\t\t\t\t\t\t\t\t\t<p>\u00a0<\/p><p>En SafeHome Technologies, <b>Nuestra misi\u00f3n<\/b> Nuestro objetivo es ofrecer soluciones inteligentes para el hogar, fiables y elegantes, adaptadas a cada cliente. Creemos en hacer que la tecnolog\u00eda de vanguardia sea accesible y sencilla.<\/p><p>Nuestra <b>Vision<\/b> es convertirse en un proveedor l\u00edder de automatizaci\u00f3n del hogar y sistemas de eficiencia energ\u00e9tica en todo Estados Unidos, comenzando aqu\u00ed mismo en Utah.<\/p>\t\t\t\t\t\t\t\t<\/div>\n\t\t\t\t<div class=\"elementor-element elementor-element-a973ad3 elementor-widget elementor-widget-image\" data-id=\"a973ad3\" data-element_type=\"widget\" data-e-type=\"widget\" data-widget_type=\"image.default\">\n\t\t\t\t\t\t\t\t\t\t\t\t\t\t\t<img fetchpriority=\"high\" decoding=\"async\" width=\"1024\" height=\"576\" src=\"https:\/\/safehometechnologies.com\/wp-content\/uploads\/2025\/07\/casa-moderna-1024x576.webp\" class=\"attachment-large size-large wp-image-216\" alt=\"\" srcset=\"https:\/\/safehometechnologies.com\/wp-content\/uploads\/2025\/07\/casa-moderna-1024x576.webp 1024w, https:\/\/safehometechnologies.com\/wp-content\/uploads\/2025\/07\/casa-moderna-300x169.webp 300w, https:\/\/safehometechnologies.com\/wp-content\/uploads\/2025\/07\/casa-moderna-768x432.webp 768w, https:\/\/safehometechnologies.com\/wp-content\/uploads\/2025\/07\/casa-moderna-1536x864.webp 1536w, https:\/\/safehometechnologies.com\/wp-content\/uploads\/2025\/07\/casa-moderna.webp 1920w\" sizes=\"(max-width: 1024px) 100vw, 1024px\" \/>\t\t\t\t\t\t\t\t\t\t\t\t\t\t\t<\/div>\n\t\t\t\t\t<\/div>\n\t\t\t\t<\/div>\n\t\t<div class=\"elementor-element elementor-element-19f6fc3 e-flex e-con-boxed e-con e-parent\" data-id=\"19f6fc3\" data-element_type=\"container\" data-e-type=\"container\">\n\t\t\t\t\t<div class=\"e-con-inner\">\n\t\t<div class=\"elementor-element elementor-element-ba2cdb9 e-grid e-con-full e-con e-child\" data-id=\"ba2cdb9\" data-element_type=\"container\" data-e-type=\"container\">\n\t\t<div class=\"elementor-element elementor-element-4785962 e-con-full e-flex e-con e-child\" data-id=\"4785962\" data-element_type=\"container\" data-e-type=\"container\">\n\t\t\t\t<div class=\"elementor-element elementor-element-2198e89 elementor-widget__width-initial elementor-view-default elementor-widget elementor-widget-icon\" data-id=\"2198e89\" data-element_type=\"widget\" data-e-type=\"widget\" data-widget_type=\"icon.default\">\n\t\t\t\t\t\t\t<div class=\"elementor-icon-wrapper\">\n\t\t\t<div class=\"elementor-icon\">\n\t\t\t<svg aria-hidden=\"true\" class=\"e-font-icon-svg e-fas-home\" viewbox=\"0 0 576 512\" xmlns=\"http:\/\/www.w3.org\/2000\/svg\"><path d=\"M280.37 148.26L96 300.11V464a16 16 0 0 0 16 16l112.06-.29a16 16 0 0 0 15.92-16V368a16 16 0 0 1 16-16h64a16 16 0 0 1 16 16v95.64a16 16 0 0 0 16 16.05L464 480a16 16 0 0 0 16-16V300L295.67 148.26a12.19 12.19 0 0 0-15.3 0zM571.6 251.47L488 182.56V44.05a12 12 0 0 0-12-12h-56a12 12 0 0 0-12 12v72.61L318.47 43a48 48 0 0 0-61 0L4.34 251.47a12 12 0 0 0-1.6 16.9l25.5 31A12 12 0 0 0 45.15 301l235.22-193.74a12.19 12.19 0 0 1 15.3 0L530.9 301a12 12 0 0 0 16.9-1.6l25.5-31a12 12 0 0 0-1.7-16.93z\"><\/path><\/svg>\t\t\t<\/div>\n\t\t<\/div>\n\t\t\t\t\t\t<\/div>\n\t\t\t\t<div class=\"elementor-element elementor-element-520e02d elementor-widget elementor-widget-heading\" data-id=\"520e02d\" data-element_type=\"widget\" data-e-type=\"widget\" data-widget_type=\"heading.default\">\n\t\t\t\t\t<h4 class=\"elementor-heading-title elementor-size-default\">Integraci\u00f3n de hogar inteligente<\/h4>\t\t\t\t<\/div>\n\t\t\t\t<div class=\"elementor-element elementor-element-72d0223 elementor-widget elementor-widget-text-editor\" data-id=\"72d0223\" data-element_type=\"widget\" data-e-type=\"widget\" data-widget_type=\"text-editor.default\">\n\t\t\t\t\t\t\t\t\t<p>Automatizaci\u00f3n personalizada para iluminaci\u00f3n, clima, seguridad y m\u00e1s.<\/p>\t\t\t\t\t\t\t\t<\/div>\n\t\t\t\t<\/div>\n\t\t<div class=\"elementor-element elementor-element-f90542a e-con-full e-flex e-con e-child\" data-id=\"f90542a\" data-element_type=\"container\" data-e-type=\"container\">\n\t\t\t\t<div class=\"elementor-element elementor-element-68220c6 elementor-view-default elementor-widget elementor-widget-icon\" data-id=\"68220c6\" data-element_type=\"widget\" data-e-type=\"widget\" data-widget_type=\"icon.default\">\n\t\t\t\t\t\t\t<div class=\"elementor-icon-wrapper\">\n\t\t\t<div class=\"elementor-icon\">\n\t\t\t<svg aria-hidden=\"true\" class=\"e-font-icon-svg e-fas-headphones-alt\" viewbox=\"0 0 512 512\" xmlns=\"http:\/\/www.w3.org\/2000\/svg\"><path d=\"M160 288h-16c-35.35 0-64 28.7-64 64.12v63.76c0 35.41 28.65 64.12 64 64.12h16c17.67 0 32-14.36 32-32.06V320.06c0-17.71-14.33-32.06-32-32.06zm208 0h-16c-17.67 0-32 14.35-32 32.06v127.88c0 17.7 14.33 32.06 32 32.06h16c35.35 0 64-28.71 64-64.12v-63.76c0-35.41-28.65-64.12-64-64.12zM256 32C112.91 32 4.57 151.13 0 288v112c0 8.84 7.16 16 16 16h16c8.84 0 16-7.16 16-16V288c0-114.67 93.33-207.8 208-207.82 114.67.02 208 93.15 208 207.82v112c0 8.84 7.16 16 16 16h16c8.84 0 16-7.16 16-16V288C507.43 151.13 399.09 32 256 32z\"><\/path><\/svg>\t\t\t<\/div>\n\t\t<\/div>\n\t\t\t\t\t\t<\/div>\n\t\t\t\t<div class=\"elementor-element elementor-element-699e9d5 elementor-widget elementor-widget-heading\" data-id=\"699e9d5\" data-element_type=\"widget\" data-e-type=\"widget\" data-widget_type=\"heading.default\">\n\t\t\t\t\t<h4 class=\"elementor-heading-title elementor-size-default\">Audio y Video<\/h4>\t\t\t\t<\/div>\n\t\t\t\t<div class=\"elementor-element elementor-element-618e64d elementor-widget elementor-widget-text-editor\" data-id=\"618e64d\" data-element_type=\"widget\" data-e-type=\"widget\" data-widget_type=\"text-editor.default\">\n\t\t\t\t\t\t\t\t\t<p>Sistemas de audio multisala de alta calidad e instalaciones de cine en casa inmersivas.<\/p>\t\t\t\t\t\t\t\t<\/div>\n\t\t\t\t<\/div>\n\t\t<div class=\"elementor-element elementor-element-a541030 e-con-full e-flex e-con e-child\" data-id=\"a541030\" data-element_type=\"container\" data-e-type=\"container\">\n\t\t\t\t<div class=\"elementor-element elementor-element-d2be540 elementor-view-default elementor-widget elementor-widget-icon\" data-id=\"d2be540\" data-element_type=\"widget\" data-e-type=\"widget\" data-widget_type=\"icon.default\">\n\t\t\t\t\t\t\t<div class=\"elementor-icon-wrapper\">\n\t\t\t<div class=\"elementor-icon\">\n\t\t\t<svg aria-hidden=\"true\" class=\"e-font-icon-svg e-fas-sun\" viewbox=\"0 0 512 512\" xmlns=\"http:\/\/www.w3.org\/2000\/svg\"><path d=\"M256 160c-52.9 0-96 43.1-96 96s43.1 96 96 96 96-43.1 96-96-43.1-96-96-96zm246.4 80.5l-94.7-47.3 33.5-100.4c4.5-13.6-8.4-26.5-21.9-21.9l-100.4 33.5-47.4-94.8c-6.4-12.8-24.6-12.8-31 0l-47.3 94.7L92.7 70.8c-13.6-4.5-26.5 8.4-21.9 21.9l33.5 100.4-94.7 47.4c-12.8 6.4-12.8 24.6 0 31l94.7 47.3-33.5 100.5c-4.5 13.6 8.4 26.5 21.9 21.9l100.4-33.5 47.3 94.7c6.4 12.8 24.6 12.8 31 0l47.3-94.7 100.4 33.5c13.6 4.5 26.5-8.4 21.9-21.9l-33.5-100.4 94.7-47.3c13-6.5 13-24.7.2-31.1zm-155.9 106c-49.9 49.9-131.1 49.9-181 0-49.9-49.9-49.9-131.1 0-181 49.9-49.9 131.1-49.9 181 0 49.9 49.9 49.9 131.1 0 181z\"><\/path><\/svg>\t\t\t<\/div>\n\t\t<\/div>\n\t\t\t\t\t\t<\/div>\n\t\t\t\t<div class=\"elementor-element elementor-element-37bae6f elementor-widget elementor-widget-heading\" data-id=\"37bae6f\" data-element_type=\"widget\" data-e-type=\"widget\" data-widget_type=\"heading.default\">\n\t\t\t\t\t<h4 class=\"elementor-heading-title elementor-size-default\">Soluciones de energ\u00eda solar<\/h4>\t\t\t\t<\/div>\n\t\t\t\t<div class=\"elementor-element elementor-element-e55a919 elementor-widget elementor-widget-text-editor\" data-id=\"e55a919\" data-element_type=\"widget\" data-e-type=\"widget\" data-widget_type=\"text-editor.default\">\n\t\t\t\t\t\t\t\t\t<p>Sistemas de paneles solares sostenibles y rentables dise\u00f1ados para un consumo energ\u00e9tico inteligente.<\/p>\t\t\t\t\t\t\t\t<\/div>\n\t\t\t\t<\/div>\n\t\t\t\t<\/div>\n\t\t\t\t\t<\/div>\n\t\t\t\t<\/div>\n\t\t\t\t<\/div>","protected":false},"excerpt":{"rendered":"<p>We are a Utah-based company specializing in smart home integration, audiovisual systems, and sustainable technologies.Our mission is to create intuitive, [&hellip;]<\/p>\n","protected":false},"author":1,"featured_media":0,"parent":0,"menu_order":0,"comment_status":"closed","ping_status":"closed","template":"","meta":{"site-sidebar-layout":"default","site-content-layout":"","ast-site-content-layout":"default","site-content-style":"default","site-sidebar-style":"default","ast-global-header-display":"","ast-banner-title-visibility":"","ast-main-header-display":"","ast-hfb-above-header-display":"","ast-hfb-below-header-display":"","ast-hfb-mobile-header-display":"","site-post-title":"","ast-breadcrumbs-content":"","ast-featured-img":"","footer-sml-layout":"","theme-transparent-header-meta":"","adv-header-id-meta":"","stick-header-meta":"","header-above-stick-meta":"","header-main-stick-meta":"","header-below-stick-meta":"","astra-migrate-meta-layouts":"default","ast-page-background-enabled":"default","ast-page-background-meta":{"desktop":{"background-color":"var(--ast-global-color-5)","background-image":"","background-repeat":"repeat","background-position":"center center","background-size":"auto","background-attachment":"scroll","background-type":"","background-media":"","overlay-type":"","overlay-color":"","overlay-opacity":"","overlay-gradient":""},"tablet":{"background-color":"","background-image":"","background-repeat":"repeat","background-position":"center center","background-size":"auto","background-attachment":"scroll","background-type":"","background-media":"","overlay-type":"","overlay-color":"","overlay-opacity":"","overlay-gradient":""},"mobile":{"background-color":"","background-image":"","background-repeat":"repeat","background-position":"center center","background-size":"auto","background-attachment":"scroll","background-type":"","background-media":"","overlay-type":"","overlay-color":"","overlay-opacity":"","overlay-gradient":""}},"ast-content-background-meta":{"desktop":{"background-color":"var(--ast-global-color-4)","background-image":"","background-repeat":"repeat","background-position":"center center","background-size":"auto","background-attachment":"scroll","background-type":"","background-media":"","overlay-type":"","overlay-color":"","overlay-opacity":"","overlay-gradient":""},"tablet":{"background-color":"var(--ast-global-color-4)","background-image":"","background-repeat":"repeat","background-position":"center center","background-size":"auto","background-attachment":"scroll","background-type":"","background-media":"","overlay-type":"","overlay-color":"","overlay-opacity":"","overlay-gradient":""},"mobile":{"background-color":"var(--ast-global-color-4)","background-image":"","background-repeat":"repeat","background-position":"center center","background-size":"auto","background-attachment":"scroll","background-type":"","background-media":"","overlay-type":"","overlay-color":"","overlay-opacity":"","overlay-gradient":""}},"footnotes":""},"class_list":["post-167","page","type-page","status-publish","hentry"],"yoast_head":"<!-- This site is optimized with the Yoast SEO plugin v27.4 - https:\/\/yoast.com\/product\/yoast-seo-wordpress\/ -->\n<title>About us - Safe Home Technologies<\/title>\n<meta name=\"robots\" content=\"index, follow, max-snippet:-1, max-image-preview:large, max-video-preview:-1\" \/>\n<link rel=\"canonical\" href=\"https:\/\/safehometechnologies.com\/es\/about-us\/\" \/>\n<meta property=\"og:locale\" content=\"es_ES\" \/>\n<meta property=\"og:type\" content=\"article\" \/>\n<meta property=\"og:title\" content=\"About us - Safe Home Technologies\" \/>\n<meta property=\"og:description\" content=\"We are a Utah-based company specializing in smart home integration, audiovisual systems, and sustainable technologies.Our mission is to create intuitive, [&hellip;]\" \/>\n<meta property=\"og:url\" content=\"https:\/\/safehometechnologies.com\/es\/about-us\/\" \/>\n<meta property=\"og:site_name\" content=\"Safe Home Technologies\" \/>\n<meta property=\"article:modified_time\" content=\"2025-07-08T20:38:19+00:00\" \/>\n<meta property=\"og:image\" content=\"http:\/\/safehometechnologies.com\/wp-content\/uploads\/2025\/07\/casa-moderna-1024x576.webp\" \/>\n<meta name=\"twitter:card\" content=\"summary_large_image\" \/>\n<meta name=\"twitter:label1\" content=\"Tiempo de lectura\" \/>\n\t<meta name=\"twitter:data1\" content=\"1 minuto\" \/>\n<script type=\"application\/ld+json\" class=\"yoast-schema-graph\">{\"@context\":\"https:\\\/\\\/schema.org\",\"@graph\":[{\"@type\":\"WebPage\",\"@id\":\"https:\\\/\\\/safehometechnologies.com\\\/about-us\",\"url\":\"https:\\\/\\\/safehometechnologies.com\\\/about-us\",\"name\":\"About us - Safe Home Technologies\",\"isPartOf\":{\"@id\":\"https:\\\/\\\/safehometechnologies.com\\\/#website\"},\"primaryImageOfPage\":{\"@id\":\"https:\\\/\\\/safehometechnologies.com\\\/about-us#primaryimage\"},\"image\":{\"@id\":\"https:\\\/\\\/safehometechnologies.com\\\/about-us#primaryimage\"},\"thumbnailUrl\":\"http:\\\/\\\/safehometechnologies.com\\\/wp-content\\\/uploads\\\/2025\\\/07\\\/casa-moderna-1024x576.webp\",\"datePublished\":\"2025-07-07T15:47:18+00:00\",\"dateModified\":\"2025-07-08T20:38:19+00:00\",\"breadcrumb\":{\"@id\":\"https:\\\/\\\/safehometechnologies.com\\\/about-us#breadcrumb\"},\"inLanguage\":\"es\",\"potentialAction\":[{\"@type\":\"ReadAction\",\"target\":[\"https:\\\/\\\/safehometechnologies.com\\\/about-us\"]}]},{\"@type\":\"ImageObject\",\"inLanguage\":\"es\",\"@id\":\"https:\\\/\\\/safehometechnologies.com\\\/about-us#primaryimage\",\"url\":\"http:\\\/\\\/safehometechnologies.com\\\/wp-content\\\/uploads\\\/2025\\\/07\\\/casa-moderna-1024x576.webp\",\"contentUrl\":\"http:\\\/\\\/safehometechnologies.com\\\/wp-content\\\/uploads\\\/2025\\\/07\\\/casa-moderna-1024x576.webp\"},{\"@type\":\"BreadcrumbList\",\"@id\":\"https:\\\/\\\/safehometechnologies.com\\\/about-us#breadcrumb\",\"itemListElement\":[{\"@type\":\"ListItem\",\"position\":1,\"name\":\"Portada\",\"item\":\"https:\\\/\\\/safehometechnologies.com\\\/\"},{\"@type\":\"ListItem\",\"position\":2,\"name\":\"About us\"}]},{\"@type\":\"WebSite\",\"@id\":\"https:\\\/\\\/safehometechnologies.com\\\/#website\",\"url\":\"https:\\\/\\\/safehometechnologies.com\\\/\",\"name\":\"Safe Home Technologies\",\"description\":\"Smart Home Solutions You Can Trust\",\"publisher\":{\"@id\":\"https:\\\/\\\/safehometechnologies.com\\\/#organization\"},\"potentialAction\":[{\"@type\":\"SearchAction\",\"target\":{\"@type\":\"EntryPoint\",\"urlTemplate\":\"https:\\\/\\\/safehometechnologies.com\\\/?s={search_term_string}\"},\"query-input\":{\"@type\":\"PropertyValueSpecification\",\"valueRequired\":true,\"valueName\":\"search_term_string\"}}],\"inLanguage\":\"es\"},{\"@type\":\"Organization\",\"@id\":\"https:\\\/\\\/safehometechnologies.com\\\/#organization\",\"name\":\"Safe Home Technologies\",\"url\":\"https:\\\/\\\/safehometechnologies.com\\\/\",\"logo\":{\"@type\":\"ImageObject\",\"inLanguage\":\"es\",\"@id\":\"https:\\\/\\\/safehometechnologies.com\\\/#\\\/schema\\\/logo\\\/image\\\/\",\"url\":\"https:\\\/\\\/safehometechnologies.com\\\/wp-content\\\/uploads\\\/2025\\\/07\\\/cropped-673BF40D-C9CC-4C95-8855-1D2FEA5C0391.webp\",\"contentUrl\":\"https:\\\/\\\/safehometechnologies.com\\\/wp-content\\\/uploads\\\/2025\\\/07\\\/cropped-673BF40D-C9CC-4C95-8855-1D2FEA5C0391.webp\",\"width\":1023,\"height\":833,\"caption\":\"Safe Home Technologies\"},\"image\":{\"@id\":\"https:\\\/\\\/safehometechnologies.com\\\/#\\\/schema\\\/logo\\\/image\\\/\"}}]}<\/script>\n<!-- \/ Yoast SEO plugin. -->","yoast_head_json":{"title":"About us - Safe Home Technologies","robots":{"index":"index","follow":"follow","max-snippet":"max-snippet:-1","max-image-preview":"max-image-preview:large","max-video-preview":"max-video-preview:-1"},"canonical":"https:\/\/safehometechnologies.com\/es\/about-us\/","og_locale":"es_ES","og_type":"article","og_title":"About us - Safe Home Technologies","og_description":"We are a Utah-based company specializing in smart home integration, audiovisual systems, and sustainable technologies.Our mission is to create intuitive, [&hellip;]","og_url":"https:\/\/safehometechnologies.com\/es\/about-us\/","og_site_name":"Safe Home Technologies","article_modified_time":"2025-07-08T20:38:19+00:00","og_image":[{"url":"http:\/\/safehometechnologies.com\/wp-content\/uploads\/2025\/07\/casa-moderna-1024x576.webp","type":"","width":"","height":""}],"twitter_card":"summary_large_image","twitter_misc":{"Tiempo de lectura":"1 minuto"},"schema":{"@context":"https:\/\/schema.org","@graph":[{"@type":"WebPage","@id":"https:\/\/safehometechnologies.com\/about-us","url":"https:\/\/safehometechnologies.com\/about-us","name":"About us - Safe Home Technologies","isPartOf":{"@id":"https:\/\/safehometechnologies.com\/#website"},"primaryImageOfPage":{"@id":"https:\/\/safehometechnologies.com\/about-us#primaryimage"},"image":{"@id":"https:\/\/safehometechnologies.com\/about-us#primaryimage"},"thumbnailUrl":"http:\/\/safehometechnologies.com\/wp-content\/uploads\/2025\/07\/casa-moderna-1024x576.webp","datePublished":"2025-07-07T15:47:18+00:00","dateModified":"2025-07-08T20:38:19+00:00","breadcrumb":{"@id":"https:\/\/safehometechnologies.com\/about-us#breadcrumb"},"inLanguage":"es","potentialAction":[{"@type":"ReadAction","target":["https:\/\/safehometechnologies.com\/about-us"]}]},{"@type":"ImageObject","inLanguage":"es","@id":"https:\/\/safehometechnologies.com\/about-us#primaryimage","url":"http:\/\/safehometechnologies.com\/wp-content\/uploads\/2025\/07\/casa-moderna-1024x576.webp","contentUrl":"http:\/\/safehometechnologies.com\/wp-content\/uploads\/2025\/07\/casa-moderna-1024x576.webp"},{"@type":"BreadcrumbList","@id":"https:\/\/safehometechnologies.com\/about-us#breadcrumb","itemListElement":[{"@type":"ListItem","position":1,"name":"Portada","item":"https:\/\/safehometechnologies.com\/"},{"@type":"ListItem","position":2,"name":"About us"}]},{"@type":"WebSite","@id":"https:\/\/safehometechnologies.com\/#website","url":"https:\/\/safehometechnologies.com\/","name":"Tecnolog\u00edas para el hogar seguro","description":"Soluciones para hogares inteligentes en las que puede confiar","publisher":{"@id":"https:\/\/safehometechnologies.com\/#organization"},"potentialAction":[{"@type":"SearchAction","target":{"@type":"EntryPoint","urlTemplate":"https:\/\/safehometechnologies.com\/?s={search_term_string}"},"query-input":{"@type":"PropertyValueSpecification","valueRequired":true,"valueName":"search_term_string"}}],"inLanguage":"es"},{"@type":"Organization","@id":"https:\/\/safehometechnologies.com\/#organization","name":"Tecnolog\u00edas para el hogar seguro","url":"https:\/\/safehometechnologies.com\/","logo":{"@type":"ImageObject","inLanguage":"es","@id":"https:\/\/safehometechnologies.com\/#\/schema\/logo\/image\/","url":"https:\/\/safehometechnologies.com\/wp-content\/uploads\/2025\/07\/cropped-673BF40D-C9CC-4C95-8855-1D2FEA5C0391.webp","contentUrl":"https:\/\/safehometechnologies.com\/wp-content\/uploads\/2025\/07\/cropped-673BF40D-C9CC-4C95-8855-1D2FEA5C0391.webp","width":1023,"height":833,"caption":"Safe Home Technologies"},"image":{"@id":"https:\/\/safehometechnologies.com\/#\/schema\/logo\/image\/"}}]}},"_links":{"self":[{"href":"https:\/\/safehometechnologies.com\/es\/wp-json\/wp\/v2\/pages\/167","targetHints":{"allow":["GET"]}}],"collection":[{"href":"https:\/\/safehometechnologies.com\/es\/wp-json\/wp\/v2\/pages"}],"about":[{"href":"https:\/\/safehometechnologies.com\/es\/wp-json\/wp\/v2\/types\/page"}],"author":[{"embeddable":true,"href":"https:\/\/safehometechnologies.com\/es\/wp-json\/wp\/v2\/users\/1"}],"replies":[{"embeddable":true,"href":"https:\/\/safehometechnologies.com\/es\/wp-json\/wp\/v2\/comments?post=167"}],"version-history":[{"count":32,"href":"https:\/\/safehometechnologies.com\/es\/wp-json\/wp\/v2\/pages\/167\/revisions"}],"predecessor-version":[{"id":263,"href":"https:\/\/safehometechnologies.com\/es\/wp-json\/wp\/v2\/pages\/167\/revisions\/263"}],"wp:attachment":[{"href":"https:\/\/safehometechnologies.com\/es\/wp-json\/wp\/v2\/media?parent=167"}],"curies":[{"name":"wp","href":"https:\/\/api.w.org\/{rel}","templated":true}]}}